{"id":8671,"date":"2022-10-25T10:01:03","date_gmt":"2022-10-25T10:01:03","guid":{"rendered":"https:\/\/ampf-ypeer.com\/?page_id=8671"},"modified":"2022-10-25T11:24:33","modified_gmt":"2022-10-25T11:24:33","slug":"y-peer-radio","status":"publish","type":"page","link":"https:\/\/ampf-ypeer.com\/en\/y-peer-radio\/","title":{"rendered":"Y-PEER RADIO"},"content":{"rendered":"\t\t<div data-elementor-type=\"wp-page\" data-elementor-id=\"8671\" class=\"elementor elementor-8671\">\n\t\t\t\t\t\t<section class=\"elementor-section elementor-top-section elementor-element elementor-element-01e93c7 elementor-section-full_width has-navbar-offset elementor-section-height-default elementor-section-height-default\" data-id=\"01e93c7\" data-element_type=\"section\">\n\t\t\t\t\t\t<div class=\"elementor-container elementor-column-gap-no\">\n\t\t\t\t\t<div class=\"elementor-column elementor-col-100 elementor-top-column elementor-element elementor-element-49ad50f\" data-id=\"49ad50f\" data-element_type=\"column\">\n\t\t\t<div class=\"elementor-widget-wrap elementor-element-populated\">\n\t\t\t\t\t\t<div class=\"elementor-element elementor-element-8cff7d8 elementor-widget elementor-widget-vlt-page-title\" data-id=\"8cff7d8\" data-element_type=\"widget\" data-settings=\"{&quot;aos_animation_name&quot;:&quot;none&quot;}\" data-widget_type=\"vlt-page-title.default\">\n\t\t\t\t<div class=\"elementor-widget-container\">\n\t\t\t\n\t\t<div class=\"vlt-page-title vlt-page-title--8cff7d8 vlt-page-title--style-2 jarallax\">\n\n\t\t\t<img loading=\"lazy\" decoding=\"async\" width=\"1080\" height=\"960\" src=\"https:\/\/i0.wp.com\/ampf-ypeer.com\/wp-content\/uploads\/2022\/10\/295498039_452620933386975_8421150659010480727_n.jpg?resize=1080%2C960&amp;ssl=1\" class=\"jarallax-img attachment-archee-1920x960_crop size-archee-1920x960_crop\" alt=\"\" loading=\"lazy\" \/><div class=\"vlt-page-title__overlay\"><\/div><div class=\"container lax\" data-lax-translate-y=\"0 0, (-elh*2) elh\" data-lax-opacity=\"0 1, (-elh*2) 0\" data-lax-anchor=\".vlt-page-title--8cff7d8\"><h1 class=\"vlt-page-title__title\">Y-PEER Radio<\/h1><p class=\"vlt-page-title__subtitle\">Y-PEER Morocco avec l\u2019appui technique et financier de l\u2019UNICEF Maroc et l\u2019USAID Morocco, a lanc\u00e9 une Web Radio des jeunes qui vise \u00e0 diffuser les informations sur la vaccination contre la COVID-19, la sant\u00e9 mentale, le partage des bonnes pratiques et les succes stories.<\/p><\/div>\n\t\t<\/div>\n\n\t\t<div id=\"8cff7d8\"><\/div>\n\n\t\t\t\t<\/div>\n\t\t\t\t<\/div>\n\t\t\t\t\t<\/div>\n\t\t<\/div>\n\t\t\t\t\t<\/div>\n\t\t<\/section>\n\t\t\t\t<section class=\"elementor-section elementor-top-section elementor-element elementor-element-e01488c elementor-section-boxed elementor-section-height-default elementor-section-height-default\" data-id=\"e01488c\" data-element_type=\"section\">\n\t\t\t\t\t\t<div class=\"elementor-container elementor-column-gap-default\">\n\t\t\t\t\t<div class=\"elementor-column elementor-col-50 elementor-top-column elementor-element elementor-element-4ba0787\" data-id=\"4ba0787\" data-element_type=\"column\">\n\t\t\t<div class=\"elementor-widget-wrap elementor-element-populated\">\n\t\t\t\t\t\t<div class=\"elementor-element elementor-element-460e989 elementor-widget elementor-widget-video\" data-id=\"460e989\" data-element_type=\"widget\" data-settings=\"{&quot;youtube_url&quot;:&quot;https:\\\/\\\/www.youtube.com\\\/watch?v=9xZKZce8sAw&amp;t=27s&quot;,&quot;show_image_overlay&quot;:&quot;yes&quot;,&quot;image_overlay&quot;:{&quot;url&quot;:&quot;https:\\\/\\\/ampf-ypeer.com\\\/wp-content\\\/uploads\\\/2022\\\/10\\\/MINIATURE-01-.jpeg&quot;,&quot;id&quot;:&quot;8701&quot;,&quot;size&quot;:&quot;&quot;,&quot;alt&quot;:&quot;&quot;,&quot;source&quot;:&quot;library&quot;},&quot;video_type&quot;:&quot;youtube&quot;,&quot;controls&quot;:&quot;yes&quot;,&quot;aos_animation_name&quot;:&quot;none&quot;}\" data-widget_type=\"video.default\">\n\t\t\t\t<div class=\"elementor-widget-container\">\n\t\t\t\t\t<div class=\"elementor-wrapper elementor-open-inline\">\n\t\t\t<div class=\"elementor-video\"><\/div>\t\t\t\t<div class=\"elementor-custom-embed-image-overlay\" style=\"background-image: url(https:\/\/i0.wp.com\/ampf-ypeer.com\/wp-content\/uploads\/2022\/10\/MINIATURE-01-.jpeg?fit=1280%2C853&amp;ssl=1);\">\n\t\t\t\t\t\t\t\t\t\t\t\t\t\t\t\t<div class=\"elementor-custom-embed-play\" role=\"button\" aria-label=\"Play Video\" tabindex=\"0\">\n\t\t\t\t\t\t\t<i aria-hidden=\"true\" class=\"eicon-play\"><\/i>\t\t\t\t\t\t\t<span class=\"elementor-screen-only\">Play Video<\/span>\n\t\t\t\t\t\t<\/div>\n\t\t\t\t\t\t\t\t\t<\/div>\n\t\t\t\t\t<\/div>\n\t\t\t\t<\/div>\n\t\t\t\t<\/div>\n\t\t\t\t\t<\/div>\n\t\t<\/div>\n\t\t\t\t<div class=\"elementor-column elementor-col-50 elementor-top-column elementor-element elementor-element-5f05d84\" data-id=\"5f05d84\" data-element_type=\"column\">\n\t\t\t<div class=\"elementor-widget-wrap elementor-element-populated\">\n\t\t\t\t\t\t<div class=\"elementor-element elementor-element-1e97c04 elementor-widget elementor-widget-video\" data-id=\"1e97c04\" data-element_type=\"widget\" data-settings=\"{&quot;youtube_url&quot;:&quot;https:\\\/\\\/www.youtube.com\\\/watch?v=ItVComroWEg&amp;t=11s&quot;,&quot;show_image_overlay&quot;:&quot;yes&quot;,&quot;image_overlay&quot;:{&quot;url&quot;:&quot;https:\\\/\\\/ampf-ypeer.com\\\/wp-content\\\/uploads\\\/2022\\\/10\\\/MINIATURE-02.jpg&quot;,&quot;id&quot;:&quot;8704&quot;,&quot;size&quot;:&quot;&quot;,&quot;alt&quot;:&quot;&quot;,&quot;source&quot;:&quot;library&quot;},&quot;lightbox&quot;:&quot;yes&quot;,&quot;video_type&quot;:&quot;youtube&quot;,&quot;controls&quot;:&quot;yes&quot;,&quot;aos_animation_name&quot;:&quot;none&quot;}\" data-widget_type=\"video.default\">\n\t\t\t\t<div class=\"elementor-widget-container\">\n\t\t\t\t\t<div class=\"elementor-wrapper elementor-open-lightbox\">\n\t\t\t\t\t\t\t<div class=\"elementor-custom-embed-image-overlay\" data-elementor-open-lightbox=\"yes\" data-elementor-lightbox=\"{&quot;type&quot;:&quot;video&quot;,&quot;videoType&quot;:&quot;youtube&quot;,&quot;url&quot;:&quot;https:\\\/\\\/www.youtube.com\\\/embed\\\/ItVComroWEg?feature=oembed&amp;start&amp;end&amp;wmode=opaque&amp;loop=0&amp;controls=1&amp;mute=0&amp;rel=0&amp;modestbranding=0&quot;,&quot;autoplay&quot;:&quot;&quot;,&quot;modalOptions&quot;:{&quot;id&quot;:&quot;elementor-lightbox-1e97c04&quot;,&quot;entranceAnimation&quot;:&quot;&quot;,&quot;entranceAnimation_tablet&quot;:&quot;&quot;,&quot;entranceAnimation_mobile&quot;:&quot;&quot;,&quot;videoAspectRatio&quot;:&quot;169&quot;}}\" data-e-action-hash=\"#elementor-action%3Aaction%3Dlightbox%26settings%3DeyJ0eXBlIjoidmlkZW8iLCJ2aWRlb1R5cGUiOiJ5b3V0dWJlIiwidXJsIjoiaHR0cHM6XC9cL3d3dy55b3V0dWJlLmNvbVwvZW1iZWRcL0l0VkNvbXJvV0VnP2ZlYXR1cmU9b2VtYmVkJnN0YXJ0JmVuZCZ3bW9kZT1vcGFxdWUmbG9vcD0wJmNvbnRyb2xzPTEmbXV0ZT0wJnJlbD0wJm1vZGVzdGJyYW5kaW5nPTAiLCJhdXRvcGxheSI6IiIsIm1vZGFsT3B0aW9ucyI6eyJpZCI6ImVsZW1lbnRvci1saWdodGJveC0xZTk3YzA0IiwiZW50cmFuY2VBbmltYXRpb24iOiIiLCJlbnRyYW5jZUFuaW1hdGlvbl90YWJsZXQiOiIiLCJlbnRyYW5jZUFuaW1hdGlvbl9tb2JpbGUiOiIiLCJ2aWRlb0FzcGVjdFJhdGlvIjoiMTY5In19\">\n\t\t\t\t\t\t\t\t\t\t\t<img fetchpriority=\"high\" decoding=\"async\" width=\"1280\" height=\"720\" src=\"https:\/\/i0.wp.com\/ampf-ypeer.com\/wp-content\/uploads\/2022\/10\/MINIATURE-02.jpg?fit=1280%2C720&amp;ssl=1\" class=\"attachment-full size-full wp-image-8704\" alt=\"\" srcset=\"https:\/\/i0.wp.com\/ampf-ypeer.com\/wp-content\/uploads\/2022\/10\/MINIATURE-02.jpg?w=1280&amp;ssl=1 1280w, https:\/\/i0.wp.com\/ampf-ypeer.com\/wp-content\/uploads\/2022\/10\/MINIATURE-02.jpg?resize=300%2C169&amp;ssl=1 300w, https:\/\/i0.wp.com\/ampf-ypeer.com\/wp-content\/uploads\/2022\/10\/MINIATURE-02.jpg?resize=1024%2C576&amp;ssl=1 1024w, https:\/\/i0.wp.com\/ampf-ypeer.com\/wp-content\/uploads\/2022\/10\/MINIATURE-02.jpg?resize=768%2C432&amp;ssl=1 768w, https:\/\/i0.wp.com\/ampf-ypeer.com\/wp-content\/uploads\/2022\/10\/MINIATURE-02.jpg?resize=500%2C281&amp;ssl=1 500w, https:\/\/i0.wp.com\/ampf-ypeer.com\/wp-content\/uploads\/2022\/10\/MINIATURE-02.jpg?resize=800%2C450&amp;ssl=1 800w\" sizes=\"(max-width: 1200px) 100vw, 1200px\" \/>\t\t\t\t\t\t\t\t\t\t\t\t\t\t\t\t<div class=\"elementor-custom-embed-play\" role=\"button\" aria-label=\"Play Video\" tabindex=\"0\">\n\t\t\t\t\t\t\t<i aria-hidden=\"true\" class=\"eicon-play\"><\/i>\t\t\t\t\t\t\t<span class=\"elementor-screen-only\">Play Video<\/span>\n\t\t\t\t\t\t<\/div>\n\t\t\t\t\t\t\t\t\t<\/div>\n\t\t\t\t\t<\/div>\n\t\t\t\t<\/div>\n\t\t\t\t<\/div>\n\t\t\t\t\t<\/div>\n\t\t<\/div>\n\t\t\t\t\t<\/div>\n\t\t<\/section>\n\t\t\t\t<section class=\"elementor-section elementor-top-section elementor-element elementor-element-5936560 elementor-section-boxed elementor-section-height-default elementor-section-height-default\" data-id=\"5936560\" data-element_type=\"section\">\n\t\t\t\t\t\t<div class=\"elementor-container elementor-column-gap-default\">\n\t\t\t\t\t<div class=\"elementor-column elementor-col-50 elementor-top-column elementor-element elementor-element-e894234\" data-id=\"e894234\" data-element_type=\"column\">\n\t\t\t<div class=\"elementor-widget-wrap elementor-element-populated\">\n\t\t\t\t\t\t<div class=\"elementor-element elementor-element-3065af0 elementor-widget elementor-widget-video\" data-id=\"3065af0\" data-element_type=\"widget\" data-settings=\"{&quot;youtube_url&quot;:&quot;https:\\\/\\\/www.youtube.com\\\/watch?v=P-bjuu7C18c&amp;t=21s&quot;,&quot;show_image_overlay&quot;:&quot;yes&quot;,&quot;image_overlay&quot;:{&quot;url&quot;:&quot;https:\\\/\\\/ampf-ypeer.com\\\/wp-content\\\/uploads\\\/2022\\\/10\\\/MINIATURE-03-3.jpg&quot;,&quot;id&quot;:&quot;8707&quot;,&quot;size&quot;:&quot;&quot;,&quot;alt&quot;:&quot;&quot;,&quot;source&quot;:&quot;library&quot;},&quot;video_type&quot;:&quot;youtube&quot;,&quot;controls&quot;:&quot;yes&quot;,&quot;aos_animation_name&quot;:&quot;none&quot;}\" data-widget_type=\"video.default\">\n\t\t\t\t<div class=\"elementor-widget-container\">\n\t\t\t\t\t<div class=\"elementor-wrapper elementor-open-inline\">\n\t\t\t<div class=\"elementor-video\"><\/div>\t\t\t\t<div class=\"elementor-custom-embed-image-overlay\" style=\"background-image: url(https:\/\/i0.wp.com\/ampf-ypeer.com\/wp-content\/uploads\/2022\/10\/MINIATURE-03-3.jpg?fit=6960%2C4640&amp;ssl=1);\">\n\t\t\t\t\t\t\t\t\t\t\t\t\t\t\t\t<div class=\"elementor-custom-embed-play\" role=\"button\" aria-label=\"Play Video\" tabindex=\"0\">\n\t\t\t\t\t\t\t<i aria-hidden=\"true\" class=\"eicon-play\"><\/i>\t\t\t\t\t\t\t<span class=\"elementor-screen-only\">Play Video<\/span>\n\t\t\t\t\t\t<\/div>\n\t\t\t\t\t\t\t\t\t<\/div>\n\t\t\t\t\t<\/div>\n\t\t\t\t<\/div>\n\t\t\t\t<\/div>\n\t\t\t\t\t<\/div>\n\t\t<\/div>\n\t\t\t\t<div class=\"elementor-column elementor-col-50 elementor-top-column elementor-element elementor-element-f107b45\" data-id=\"f107b45\" data-element_type=\"column\">\n\t\t\t<div class=\"elementor-widget-wrap elementor-element-populated\">\n\t\t\t\t\t\t<div class=\"elementor-element elementor-element-a9f9ecd elementor-widget elementor-widget-video\" data-id=\"a9f9ecd\" data-element_type=\"widget\" data-settings=\"{&quot;youtube_url&quot;:&quot;https:\\\/\\\/www.youtube.com\\\/watch?v=ZbszJ27hOfc&amp;t=6s&quot;,&quot;show_image_overlay&quot;:&quot;yes&quot;,&quot;image_overlay&quot;:{&quot;url&quot;:&quot;https:\\\/\\\/ampf-ypeer.com\\\/wp-content\\\/uploads\\\/2022\\\/10\\\/MINIATURE04-1.jpg&quot;,&quot;id&quot;:&quot;8710&quot;,&quot;size&quot;:&quot;&quot;,&quot;alt&quot;:&quot;&quot;,&quot;source&quot;:&quot;library&quot;},&quot;lightbox&quot;:&quot;yes&quot;,&quot;video_type&quot;:&quot;youtube&quot;,&quot;controls&quot;:&quot;yes&quot;,&quot;aos_animation_name&quot;:&quot;none&quot;}\" data-widget_type=\"video.default\">\n\t\t\t\t<div class=\"elementor-widget-container\">\n\t\t\t\t\t<div class=\"elementor-wrapper elementor-open-lightbox\">\n\t\t\t\t\t\t\t<div class=\"elementor-custom-embed-image-overlay\" data-elementor-open-lightbox=\"yes\" data-elementor-lightbox=\"{&quot;type&quot;:&quot;video&quot;,&quot;videoType&quot;:&quot;youtube&quot;,&quot;url&quot;:&quot;https:\\\/\\\/www.youtube.com\\\/embed\\\/ZbszJ27hOfc?feature=oembed&amp;start&amp;end&amp;wmode=opaque&amp;loop=0&amp;controls=1&amp;mute=0&amp;rel=0&amp;modestbranding=0&quot;,&quot;autoplay&quot;:&quot;&quot;,&quot;modalOptions&quot;:{&quot;id&quot;:&quot;elementor-lightbox-a9f9ecd&quot;,&quot;entranceAnimation&quot;:&quot;&quot;,&quot;entranceAnimation_tablet&quot;:&quot;&quot;,&quot;entranceAnimation_mobile&quot;:&quot;&quot;,&quot;videoAspectRatio&quot;:&quot;169&quot;}}\" data-e-action-hash=\"#elementor-action%3Aaction%3Dlightbox%26settings%3DeyJ0eXBlIjoidmlkZW8iLCJ2aWRlb1R5cGUiOiJ5b3V0dWJlIiwidXJsIjoiaHR0cHM6XC9cL3d3dy55b3V0dWJlLmNvbVwvZW1iZWRcL1pic3pKMjdoT2ZjP2ZlYXR1cmU9b2VtYmVkJnN0YXJ0JmVuZCZ3bW9kZT1vcGFxdWUmbG9vcD0wJmNvbnRyb2xzPTEmbXV0ZT0wJnJlbD0wJm1vZGVzdGJyYW5kaW5nPTAiLCJhdXRvcGxheSI6IiIsIm1vZGFsT3B0aW9ucyI6eyJpZCI6ImVsZW1lbnRvci1saWdodGJveC1hOWY5ZWNkIiwiZW50cmFuY2VBbmltYXRpb24iOiIiLCJlbnRyYW5jZUFuaW1hdGlvbl90YWJsZXQiOiIiLCJlbnRyYW5jZUFuaW1hdGlvbl9tb2JpbGUiOiIiLCJ2aWRlb0FzcGVjdFJhdGlvIjoiMTY5In19\">\n\t\t\t\t\t\t\t\t\t\t\t<img decoding=\"async\" width=\"1280\" height=\"720\" src=\"https:\/\/i0.wp.com\/ampf-ypeer.com\/wp-content\/uploads\/2022\/10\/MINIATURE04-1.jpg?fit=1280%2C720&amp;ssl=1\" class=\"attachment-full size-full wp-image-8710\" alt=\"\" srcset=\"https:\/\/i0.wp.com\/ampf-ypeer.com\/wp-content\/uploads\/2022\/10\/MINIATURE04-1.jpg?w=1280&amp;ssl=1 1280w, https:\/\/i0.wp.com\/ampf-ypeer.com\/wp-content\/uploads\/2022\/10\/MINIATURE04-1.jpg?resize=300%2C169&amp;ssl=1 300w, https:\/\/i0.wp.com\/ampf-ypeer.com\/wp-content\/uploads\/2022\/10\/MINIATURE04-1.jpg?resize=1024%2C576&amp;ssl=1 1024w, https:\/\/i0.wp.com\/ampf-ypeer.com\/wp-content\/uploads\/2022\/10\/MINIATURE04-1.jpg?resize=768%2C432&amp;ssl=1 768w, https:\/\/i0.wp.com\/ampf-ypeer.com\/wp-content\/uploads\/2022\/10\/MINIATURE04-1.jpg?resize=500%2C281&amp;ssl=1 500w, https:\/\/i0.wp.com\/ampf-ypeer.com\/wp-content\/uploads\/2022\/10\/MINIATURE04-1.jpg?resize=800%2C450&amp;ssl=1 800w\" sizes=\"(max-width: 1200px) 100vw, 1200px\" \/>\t\t\t\t\t\t\t\t\t\t\t\t\t\t\t\t<div class=\"elementor-custom-embed-play\" role=\"button\" aria-label=\"Play Video\" tabindex=\"0\">\n\t\t\t\t\t\t\t<i aria-hidden=\"true\" class=\"eicon-play\"><\/i>\t\t\t\t\t\t\t<span class=\"elementor-screen-only\">Play Video<\/span>\n\t\t\t\t\t\t<\/div>\n\t\t\t\t\t\t\t\t\t<\/div>\n\t\t\t\t\t<\/div>\n\t\t\t\t<\/div>\n\t\t\t\t<\/div>\n\t\t\t\t\t<\/div>\n\t\t<\/div>\n\t\t\t\t\t<\/div>\n\t\t<\/section>\n\t\t\t\t<section class=\"elementor-section elementor-top-section elementor-element elementor-element-833fef9 elementor-section-full_width elementor-section-height-default elementor-section-height-default\" data-id=\"833fef9\" data-element_type=\"section\">\n\t\t\t\t\t\t<div class=\"elementor-container elementor-column-gap-default\">\n\t\t\t\t\t<div class=\"elementor-column elementor-col-33 elementor-top-column elementor-element elementor-element-0a8b764\" data-id=\"0a8b764\" data-element_type=\"column\">\n\t\t\t<div class=\"elementor-widget-wrap\">\n\t\t\t\t\t\t\t<\/div>\n\t\t<\/div>\n\t\t\t\t<div class=\"elementor-column elementor-col-33 elementor-top-column elementor-element elementor-element-b6455ea\" data-id=\"b6455ea\" data-element_type=\"column\">\n\t\t\t<div class=\"elementor-widget-wrap elementor-element-populated\">\n\t\t\t\t\t\t<div class=\"elementor-element elementor-element-4487793 elementor-widget elementor-widget-video\" data-id=\"4487793\" data-element_type=\"widget\" data-settings=\"{&quot;youtube_url&quot;:&quot;https:\\\/\\\/www.youtube.com\\\/watch?v=24aqvU5jFWU&quot;,&quot;show_image_overlay&quot;:&quot;yes&quot;,&quot;image_overlay&quot;:{&quot;url&quot;:&quot;https:\\\/\\\/ampf-ypeer.com\\\/wp-content\\\/uploads\\\/2022\\\/10\\\/MINIATURE05-1.jpg&quot;,&quot;id&quot;:&quot;8713&quot;,&quot;size&quot;:&quot;&quot;,&quot;alt&quot;:&quot;&quot;,&quot;source&quot;:&quot;library&quot;},&quot;lightbox&quot;:&quot;yes&quot;,&quot;video_type&quot;:&quot;youtube&quot;,&quot;controls&quot;:&quot;yes&quot;,&quot;aos_animation_name&quot;:&quot;none&quot;}\" data-widget_type=\"video.default\">\n\t\t\t\t<div class=\"elementor-widget-container\">\n\t\t\t\t\t<div class=\"elementor-wrapper elementor-open-lightbox\">\n\t\t\t\t\t\t\t<div class=\"elementor-custom-embed-image-overlay\" data-elementor-open-lightbox=\"yes\" data-elementor-lightbox=\"{&quot;type&quot;:&quot;video&quot;,&quot;videoType&quot;:&quot;youtube&quot;,&quot;url&quot;:&quot;https:\\\/\\\/www.youtube.com\\\/embed\\\/24aqvU5jFWU?feature=oembed&amp;start&amp;end&amp;wmode=opaque&amp;loop=0&amp;controls=1&amp;mute=0&amp;rel=0&amp;modestbranding=0&quot;,&quot;autoplay&quot;:&quot;&quot;,&quot;modalOptions&quot;:{&quot;id&quot;:&quot;elementor-lightbox-4487793&quot;,&quot;entranceAnimation&quot;:&quot;&quot;,&quot;entranceAnimation_tablet&quot;:&quot;&quot;,&quot;entranceAnimation_mobile&quot;:&quot;&quot;,&quot;videoAspectRatio&quot;:&quot;169&quot;}}\" data-e-action-hash=\"#elementor-action%3Aaction%3Dlightbox%26settings%3DeyJ0eXBlIjoidmlkZW8iLCJ2aWRlb1R5cGUiOiJ5b3V0dWJlIiwidXJsIjoiaHR0cHM6XC9cL3d3dy55b3V0dWJlLmNvbVwvZW1iZWRcLzI0YXF2VTVqRldVP2ZlYXR1cmU9b2VtYmVkJnN0YXJ0JmVuZCZ3bW9kZT1vcGFxdWUmbG9vcD0wJmNvbnRyb2xzPTEmbXV0ZT0wJnJlbD0wJm1vZGVzdGJyYW5kaW5nPTAiLCJhdXRvcGxheSI6IiIsIm1vZGFsT3B0aW9ucyI6eyJpZCI6ImVsZW1lbnRvci1saWdodGJveC00NDg3NzkzIiwiZW50cmFuY2VBbmltYXRpb24iOiIiLCJlbnRyYW5jZUFuaW1hdGlvbl90YWJsZXQiOiIiLCJlbnRyYW5jZUFuaW1hdGlvbl9tb2JpbGUiOiIiLCJ2aWRlb0FzcGVjdFJhdGlvIjoiMTY5In19\">\n\t\t\t\t\t\t\t\t\t\t\t<img decoding=\"async\" width=\"1280\" height=\"720\" src=\"https:\/\/i0.wp.com\/ampf-ypeer.com\/wp-content\/uploads\/2022\/10\/MINIATURE05-1.jpg?fit=1280%2C720&amp;ssl=1\" class=\"attachment-full size-full wp-image-8713\" alt=\"\" srcset=\"https:\/\/i0.wp.com\/ampf-ypeer.com\/wp-content\/uploads\/2022\/10\/MINIATURE05-1.jpg?w=1280&amp;ssl=1 1280w, https:\/\/i0.wp.com\/ampf-ypeer.com\/wp-content\/uploads\/2022\/10\/MINIATURE05-1.jpg?resize=300%2C169&amp;ssl=1 300w, https:\/\/i0.wp.com\/ampf-ypeer.com\/wp-content\/uploads\/2022\/10\/MINIATURE05-1.jpg?resize=1024%2C576&amp;ssl=1 1024w, https:\/\/i0.wp.com\/ampf-ypeer.com\/wp-content\/uploads\/2022\/10\/MINIATURE05-1.jpg?resize=768%2C432&amp;ssl=1 768w, https:\/\/i0.wp.com\/ampf-ypeer.com\/wp-content\/uploads\/2022\/10\/MINIATURE05-1.jpg?resize=500%2C281&amp;ssl=1 500w, https:\/\/i0.wp.com\/ampf-ypeer.com\/wp-content\/uploads\/2022\/10\/MINIATURE05-1.jpg?resize=800%2C450&amp;ssl=1 800w\" sizes=\"(max-width: 1200px) 100vw, 1200px\" \/>\t\t\t\t\t\t\t\t\t\t\t\t\t\t\t\t<div class=\"elementor-custom-embed-play\" role=\"button\" aria-label=\"Play Video\" tabindex=\"0\">\n\t\t\t\t\t\t\t<i aria-hidden=\"true\" class=\"eicon-play\"><\/i>\t\t\t\t\t\t\t<span class=\"elementor-screen-only\">Play Video<\/span>\n\t\t\t\t\t\t<\/div>\n\t\t\t\t\t\t\t\t\t<\/div>\n\t\t\t\t\t<\/div>\n\t\t\t\t<\/div>\n\t\t\t\t<\/div>\n\t\t\t\t\t<\/div>\n\t\t<\/div>\n\t\t\t\t<div class=\"elementor-column elementor-col-33 elementor-top-column elementor-element elementor-element-b02995a\" data-id=\"b02995a\" data-element_type=\"column\">\n\t\t\t<div class=\"elementor-widget-wrap\">\n\t\t\t\t\t\t\t<\/div>\n\t\t<\/div>\n\t\t\t\t\t<\/div>\n\t\t<\/section>\n\t\t\t\t<\/div>\n\t\t","protected":false},"excerpt":{"rendered":"<p>Y-PEER Radio Y-PEER Morocco avec l\u2019appui technique et financier de l\u2019UNICEF Maroc et l\u2019USAID Morocco, a lanc\u00e9 une Web Radio des jeunes qui vise \u00e0 diffuser les informations sur la vaccination contre la COVID-19, la sant\u00e9 mentale, le partage des bonnes pratiques et les succes stories.<\/p>\n","protected":false},"author":9,"featured_media":0,"parent":0,"menu_order":0,"comment_status":"closed","ping_status":"closed","template":"elementor_header_footer","meta":{"_acf_changed":false,"om_disable_all_campaigns":false,"_vp_format_video_url":"","_vp_image_focal_point":[],"footnotes":""},"class_list":["post-8671","page","type-page","status-publish","hentry"],"acf":[],"yoast_head":"<!-- This site is optimized with the Yoast SEO plugin v23.4 - https:\/\/yoast.com\/wordpress\/plugins\/seo\/ -->\n<title>Y-PEER RADIO - RHRN 2 Morocco<\/title>\n<meta name=\"robots\" content=\"index, follow, max-snippet:-1, max-image-preview:large, max-video-preview:-1\" \/>\n<link rel=\"canonical\" href=\"https:\/\/ampf-ypeer.com\/en\/y-peer-radio\/\" \/>\n<meta property=\"og:locale\" content=\"en_US\" \/>\n<meta property=\"og:type\" content=\"article\" \/>\n<meta property=\"og:title\" content=\"Y-PEER RADIO - RHRN 2 Morocco\" \/>\n<meta property=\"og:description\" content=\"Y-PEER Radio Y-PEER Morocco avec l\u2019appui technique et financier de l\u2019UNICEF Maroc et l\u2019USAID Morocco, a lanc\u00e9 une Web Radio des jeunes qui vise \u00e0 diffuser les informations sur la vaccination contre la COVID-19, la sant\u00e9 mentale, le partage des bonnes pratiques et les succes stories.\" \/>\n<meta property=\"og:url\" content=\"https:\/\/ampf-ypeer.com\/en\/y-peer-radio\/\" \/>\n<meta property=\"og:site_name\" content=\"RHRN 2 Morocco\" \/>\n<meta property=\"article:modified_time\" content=\"2022-10-25T11:24:33+00:00\" \/>\n<meta property=\"og:image\" content=\"https:\/\/ampf-ypeer.com\/wp-content\/uploads\/2022\/10\/295498039_452620933386975_8421150659010480727_n-1080x960.jpg\" \/>\n<meta name=\"twitter:card\" content=\"summary_large_image\" \/>\n<script type=\"application\/ld+json\" class=\"yoast-schema-graph\">{\"@context\":\"https:\/\/schema.org\",\"@graph\":[{\"@type\":\"WebPage\",\"@id\":\"https:\/\/ampf-ypeer.com\/en\/y-peer-radio\/\",\"url\":\"https:\/\/ampf-ypeer.com\/en\/y-peer-radio\/\",\"name\":\"Y-PEER RADIO - RHRN 2 Morocco\",\"isPartOf\":{\"@id\":\"https:\/\/ampf-ypeer.com\/#website\"},\"primaryImageOfPage\":{\"@id\":\"https:\/\/ampf-ypeer.com\/en\/y-peer-radio\/#primaryimage\"},\"image\":{\"@id\":\"https:\/\/ampf-ypeer.com\/en\/y-peer-radio\/#primaryimage\"},\"thumbnailUrl\":\"https:\/\/ampf-ypeer.com\/wp-content\/uploads\/2022\/10\/295498039_452620933386975_8421150659010480727_n-1080x960.jpg\",\"datePublished\":\"2022-10-25T10:01:03+00:00\",\"dateModified\":\"2022-10-25T11:24:33+00:00\",\"breadcrumb\":{\"@id\":\"https:\/\/ampf-ypeer.com\/en\/y-peer-radio\/#breadcrumb\"},\"inLanguage\":\"en-US\",\"potentialAction\":[{\"@type\":\"ReadAction\",\"target\":[\"https:\/\/ampf-ypeer.com\/en\/y-peer-radio\/\"]}]},{\"@type\":\"ImageObject\",\"inLanguage\":\"en-US\",\"@id\":\"https:\/\/ampf-ypeer.com\/en\/y-peer-radio\/#primaryimage\",\"url\":\"https:\/\/ampf-ypeer.com\/wp-content\/uploads\/2022\/10\/295498039_452620933386975_8421150659010480727_n-1080x960.jpg\",\"contentUrl\":\"https:\/\/ampf-ypeer.com\/wp-content\/uploads\/2022\/10\/295498039_452620933386975_8421150659010480727_n-1080x960.jpg\"},{\"@type\":\"BreadcrumbList\",\"@id\":\"https:\/\/ampf-ypeer.com\/en\/y-peer-radio\/#breadcrumb\",\"itemListElement\":[{\"@type\":\"ListItem\",\"position\":1,\"name\":\"Home\",\"item\":\"https:\/\/ampf-ypeer.com\/en\/\"},{\"@type\":\"ListItem\",\"position\":2,\"name\":\"Y-PEER RADIO\"}]},{\"@type\":\"WebSite\",\"@id\":\"https:\/\/ampf-ypeer.com\/#website\",\"url\":\"https:\/\/ampf-ypeer.com\/\",\"name\":\"RHRN 2 Morocco\",\"description\":\"Sant\u00e9 sexuelle et reproductive \",\"potentialAction\":[{\"@type\":\"SearchAction\",\"target\":{\"@type\":\"EntryPoint\",\"urlTemplate\":\"https:\/\/ampf-ypeer.com\/?s={search_term_string}\"},\"query-input\":{\"@type\":\"PropertyValueSpecification\",\"valueRequired\":true,\"valueName\":\"search_term_string\"}}],\"inLanguage\":\"en-US\"}]}<\/script>\n<!-- \/ Yoast SEO plugin. -->","yoast_head_json":{"title":"Y-PEER RADIO - RHRN 2 Morocco","robots":{"index":"index","follow":"follow","max-snippet":"max-snippet:-1","max-image-preview":"max-image-preview:large","max-video-preview":"max-video-preview:-1"},"canonical":"https:\/\/ampf-ypeer.com\/en\/y-peer-radio\/","og_locale":"en_US","og_type":"article","og_title":"Y-PEER RADIO - RHRN 2 Morocco","og_description":"Y-PEER Radio Y-PEER Morocco avec l\u2019appui technique et financier de l\u2019UNICEF Maroc et l\u2019USAID Morocco, a lanc\u00e9 une Web Radio des jeunes qui vise \u00e0 diffuser les informations sur la vaccination contre la COVID-19, la sant\u00e9 mentale, le partage des bonnes pratiques et les succes stories.","og_url":"https:\/\/ampf-ypeer.com\/en\/y-peer-radio\/","og_site_name":"RHRN 2 Morocco","article_modified_time":"2022-10-25T11:24:33+00:00","og_image":[{"url":"https:\/\/ampf-ypeer.com\/wp-content\/uploads\/2022\/10\/295498039_452620933386975_8421150659010480727_n-1080x960.jpg"}],"twitter_card":"summary_large_image","schema":{"@context":"https:\/\/schema.org","@graph":[{"@type":"WebPage","@id":"https:\/\/ampf-ypeer.com\/en\/y-peer-radio\/","url":"https:\/\/ampf-ypeer.com\/en\/y-peer-radio\/","name":"Y-PEER RADIO - RHRN 2 Morocco","isPartOf":{"@id":"https:\/\/ampf-ypeer.com\/#website"},"primaryImageOfPage":{"@id":"https:\/\/ampf-ypeer.com\/en\/y-peer-radio\/#primaryimage"},"image":{"@id":"https:\/\/ampf-ypeer.com\/en\/y-peer-radio\/#primaryimage"},"thumbnailUrl":"https:\/\/ampf-ypeer.com\/wp-content\/uploads\/2022\/10\/295498039_452620933386975_8421150659010480727_n-1080x960.jpg","datePublished":"2022-10-25T10:01:03+00:00","dateModified":"2022-10-25T11:24:33+00:00","breadcrumb":{"@id":"https:\/\/ampf-ypeer.com\/en\/y-peer-radio\/#breadcrumb"},"inLanguage":"en-US","potentialAction":[{"@type":"ReadAction","target":["https:\/\/ampf-ypeer.com\/en\/y-peer-radio\/"]}]},{"@type":"ImageObject","inLanguage":"en-US","@id":"https:\/\/ampf-ypeer.com\/en\/y-peer-radio\/#primaryimage","url":"https:\/\/ampf-ypeer.com\/wp-content\/uploads\/2022\/10\/295498039_452620933386975_8421150659010480727_n-1080x960.jpg","contentUrl":"https:\/\/ampf-ypeer.com\/wp-content\/uploads\/2022\/10\/295498039_452620933386975_8421150659010480727_n-1080x960.jpg"},{"@type":"BreadcrumbList","@id":"https:\/\/ampf-ypeer.com\/en\/y-peer-radio\/#breadcrumb","itemListElement":[{"@type":"ListItem","position":1,"name":"Home","item":"https:\/\/ampf-ypeer.com\/en\/"},{"@type":"ListItem","position":2,"name":"Y-PEER RADIO"}]},{"@type":"WebSite","@id":"https:\/\/ampf-ypeer.com\/#website","url":"https:\/\/ampf-ypeer.com\/","name":"RHRN 2 Morocco","description":"Sant\u00e9 sexuelle et reproductive ","potentialAction":[{"@type":"SearchAction","target":{"@type":"EntryPoint","urlTemplate":"https:\/\/ampf-ypeer.com\/?s={search_term_string}"},"query-input":{"@type":"PropertyValueSpecification","valueRequired":true,"valueName":"search_term_string"}}],"inLanguage":"en-US"}]}},"jetpack_sharing_enabled":true,"_links":{"self":[{"href":"https:\/\/ampf-ypeer.com\/en\/wp-json\/wp\/v2\/pages\/8671","targetHints":{"allow":["GET"]}}],"collection":[{"href":"https:\/\/ampf-ypeer.com\/en\/wp-json\/wp\/v2\/pages"}],"about":[{"href":"https:\/\/ampf-ypeer.com\/en\/wp-json\/wp\/v2\/types\/page"}],"author":[{"embeddable":true,"href":"https:\/\/ampf-ypeer.com\/en\/wp-json\/wp\/v2\/users\/9"}],"replies":[{"embeddable":true,"href":"https:\/\/ampf-ypeer.com\/en\/wp-json\/wp\/v2\/comments?post=8671"}],"version-history":[{"count":7,"href":"https:\/\/ampf-ypeer.com\/en\/wp-json\/wp\/v2\/pages\/8671\/revisions"}],"predecessor-version":[{"id":8747,"href":"https:\/\/ampf-ypeer.com\/en\/wp-json\/wp\/v2\/pages\/8671\/revisions\/8747"}],"wp:attachment":[{"href":"https:\/\/ampf-ypeer.com\/en\/wp-json\/wp\/v2\/media?parent=8671"}],"curies":[{"name":"wp","href":"https:\/\/api.w.org\/{rel}","templated":true}]}}